{"id":20950,"date":"2018-01-03T10:19:43","date_gmt":"2018-01-03T10:19:43","guid":{"rendered":"https:\/\/padaste.ee\/?page_id=20950"},"modified":"2024-08-06T20:44:27","modified_gmt":"2024-08-06T20:44:27","slug":"soolakristalli-saun","status":"publish","type":"page","link":"https:\/\/www.xn--pdaste-bua.eu\/et\/spa\/soolakristalli-saun\/","title":{"rendered":"Soola-kristallsaun"},"content":{"rendered":"<h2><span style=\"color: #ff0000;\"><strong>Hingamist kosutav teekond kristallsaunas 55\u00b0C<\/strong><\/span><\/h2>\n<p>&nbsp;<\/p>\n<p>P\u00e4daste Spa vaiksetes ruumides ootab sind Soola-kristallsaun. See \u00fchendab traditsiooni innovatsiooniga, kasutades<br \/>\nnaturaalseid soolakristalle. &nbsp;Eriline Eestis disainitud keris integreerib leidlikult soolakristallid, tagades nii<br \/>\nrikastatud \u00f5hu \u00fchtlase jaotumise kogu v\u00e4ikeses saunakoopas.<\/p>\n<p>&nbsp;<\/p>\n<p>Kristallsaun on pehme temperatuuriga 55<strong>\u00b0<\/strong>C, mida ergastavad lisaks Himaalaja soolakristallidele ka muud looduslikud mineraalid ja eeterlikud \u00f5lid. See loob tasakaalustatud atmosf\u00e4\u00e4ri, kus ringleb pehmendava leebusega aromaatne aur, mis \u00f5rnalt paitab kogu keha. Soolakristallid saunas toetavad kopse, hingamisteid ja vereringet, soodustades s\u00fcgavat l\u00f5dvestumist.<\/p>\n<p>&nbsp;<\/p>\n<p>Enne ja p\u00e4rast Soola-kristallsauna karastage end <a href=\"https:\/\/padaste.ee\/et\/spa\/siberi-kulmavee-tors\/\">P\u00f5hjala k\u00fclmaveet\u00f5rres<\/a>, mis asub kaunil spaaterrassil. Kristallsaun on ainult teile privaatseks kasutamiseks. K\u00fclmaveet\u00f5rre ja spa terrassi ning lamamistoolide kasutus on jagatud teiste SPA k\u00fclalistega.<\/p>\n<p>&nbsp;<\/p>\n<p>&nbsp;<\/p>\n<p><a href=\"http:\/\/www.padaste.ee\/wp-content\/uploads\/2023\/12\/img_9622-002-scaled.jpeg\"><img loading=\"lazy\" class=\"alignnone wp-image-20902 \" src=\"http:\/\/www.padaste.ee\/wp-content\/uploads\/2023\/12\/img_9622-002-1024x768.jpeg\" alt=\"\" width=\"515\" height=\"386\" srcset=\"https:\/\/www.xn--pdaste-bua.eu\/wp-content\/uploads\/2023\/12\/img_9622-002-1024x768.jpeg 1024w, https:\/\/www.xn--pdaste-bua.eu\/wp-content\/uploads\/2023\/12\/img_9622-002-300x225.jpeg 300w, https:\/\/www.xn--pdaste-bua.eu\/wp-content\/uploads\/2023\/12\/img_9622-002-768x576.jpeg 768w, https:\/\/www.xn--pdaste-bua.eu\/wp-content\/uploads\/2023\/12\/img_9622-002-1536x1152.jpeg 1536w, https:\/\/www.xn--pdaste-bua.eu\/wp-content\/uploads\/2023\/12\/img_9622-002-2048x1536.jpeg 2048w, https:\/\/www.xn--pdaste-bua.eu\/wp-content\/uploads\/2023\/12\/img_9622-002-24x18.jpeg 24w, https:\/\/www.xn--pdaste-bua.eu\/wp-content\/uploads\/2023\/12\/img_9622-002-36x27.jpeg 36w, https:\/\/www.xn--pdaste-bua.eu\/wp-content\/uploads\/2023\/12\/img_9622-002-48x36.jpeg 48w\" sizes=\"(max-width: 515px) 100vw, 515px\" \/><\/a><\/p>\n<p><img loading=\"lazy\" class=\"alignnone  wp-image-22161\" src=\"http:\/\/padaste.ee\/wp-content\/uploads\/2024\/08\/img_2627-300x169.jpeg\" alt=\"\" width=\"518\" height=\"292\" srcset=\"https:\/\/www.xn--pdaste-bua.eu\/wp-content\/uploads\/2024\/08\/img_2627-300x169.jpeg 300w, https:\/\/www.xn--pdaste-bua.eu\/wp-content\/uploads\/2024\/08\/img_2627-1024x577.jpeg 1024w, https:\/\/www.xn--pdaste-bua.eu\/wp-content\/uploads\/2024\/08\/img_2627-768x433.jpeg 768w, https:\/\/www.xn--pdaste-bua.eu\/wp-content\/uploads\/2024\/08\/img_2627-1536x866.jpeg 1536w, https:\/\/www.xn--pdaste-bua.eu\/wp-content\/uploads\/2024\/08\/img_2627-2048x1155.jpeg 2048w, https:\/\/www.xn--pdaste-bua.eu\/wp-content\/uploads\/2024\/08\/img_2627-24x14.jpeg 24w, https:\/\/www.xn--pdaste-bua.eu\/wp-content\/uploads\/2024\/08\/img_2627-36x20.jpeg 36w, https:\/\/www.xn--pdaste-bua.eu\/wp-content\/uploads\/2024\/08\/img_2627-48x27.jpeg 48w\" sizes=\"(max-width: 518px) 100vw, 518px\" \/><\/p>\n","protected":false},"excerpt":{"rendered":"<p>Hingamist kosutav teekond kristallsaunas 55\u00b0C &nbsp; P\u00e4daste Spa vaiksetes ruumides ootab sind Soola-kristallsaun. See \u00fchendab traditsiooni innovatsiooniga, kasutades naturaalseid soolakristalle. &nbsp;Eriline Eestis disainitud keris integreerib leidlikult soolakristallid, tagades nii rikastatud \u00f5hu \u00fchtlase jaotumise kogu v\u00e4ikeses saunakoopas. &nbsp; Kristallsaun on pehme temperatuuriga 55\u00b0C, mida ergastavad lisaks Himaalaja soolakristallidele ka muud looduslikud mineraalid ja eeterlikud \u00f5lid. See [&hellip;]<\/p>\n","protected":false},"author":50,"featured_media":20947,"parent":8578,"menu_order":0,"comment_status":"closed","ping_status":"closed","template":"","meta":{"ngg_post_thumbnail":0,"_links_to":"","_links_to_target":""},"yoast_head":"<!-- This site is optimized with the Yoast SEO plugin v16.1.1 - https:\/\/yoast.com\/wordpress\/plugins\/seo\/ -->\n<title>Soola-kristallsaun -<\/title>\n<link rel=\"canonical\" href=\"https:\/\/www.padaste.ee\/et\/spa\/soolakristalli-saun\/\" \/>\n<meta property=\"og:locale\" content=\"et_EE\" \/>\n<meta property=\"og:type\" content=\"article\" \/>\n<meta property=\"og:title\" content=\"Soola-kristallsaun -\" \/>\n<meta property=\"og:description\" content=\"Hingamist kosutav teekond kristallsaunas 55\u00b0C &nbsp; P\u00e4daste Spa vaiksetes ruumides ootab sind Soola-kristallsaun. See \u00fchendab traditsiooni innovatsiooniga, kasutades naturaalseid soolakristalle. &nbsp;Eriline Eestis disainitud keris integreerib leidlikult soolakristallid, tagades nii rikastatud \u00f5hu \u00fchtlase jaotumise kogu v\u00e4ikeses saunakoopas. &nbsp; Kristallsaun on pehme temperatuuriga 55\u00b0C, mida ergastavad lisaks Himaalaja soolakristallidele ka muud looduslikud mineraalid ja eeterlikud \u00f5lid. See [&hellip;]\" \/>\n<meta property=\"og:url\" content=\"https:\/\/www.padaste.ee\/et\/spa\/soolakristalli-saun\/\" \/>\n<meta property=\"article:publisher\" content=\"https:\/\/www.facebook.com\/Padastemanor\/\" \/>\n<meta property=\"article:modified_time\" content=\"2024-08-06T20:44:27+00:00\" \/>\n<meta property=\"og:image\" content=\"https:\/\/www.xn--pdaste-bua.eu\/wp-content\/uploads\/2023\/12\/img_9622-scaled.jpeg\" \/>\n\t<meta property=\"og:image:width\" content=\"2560\" \/>\n\t<meta property=\"og:image:height\" content=\"1920\" \/>\n<meta name=\"twitter:card\" content=\"summary_large_image\" \/>\n<meta name=\"twitter:label1\" content=\"Est. reading time\">\n\t<meta name=\"twitter:data1\" content=\"1 minut\">\n<script type=\"application\/ld+json\" class=\"yoast-schema-graph\">{\"@context\":\"https:\/\/schema.org\",\"@graph\":[{\"@type\":\"Organization\",\"@id\":\"https:\/\/padaste.ee\/#organization\",\"name\":\"P\\u00e4daste M\\u00f5is\",\"url\":\"https:\/\/padaste.ee\/\",\"sameAs\":[\"https:\/\/www.facebook.com\/Padastemanor\/\"],\"logo\":{\"@type\":\"ImageObject\",\"@id\":\"https:\/\/padaste.ee\/#logo\",\"inLanguage\":\"et\",\"url\":\"https:\/\/padaste.ee\/wp-content\/uploads\/2018\/12\/padaste_2011.jpg\",\"contentUrl\":\"https:\/\/padaste.ee\/wp-content\/uploads\/2018\/12\/padaste_2011.jpg\",\"width\":154,\"height\":61,\"caption\":\"P\\u00e4daste M\\u00f5is\"},\"image\":{\"@id\":\"https:\/\/padaste.ee\/#logo\"}},{\"@type\":\"WebSite\",\"@id\":\"https:\/\/padaste.ee\/#website\",\"url\":\"https:\/\/padaste.ee\/\",\"name\":\"\",\"description\":\"\",\"publisher\":{\"@id\":\"https:\/\/padaste.ee\/#organization\"},\"potentialAction\":[{\"@type\":\"SearchAction\",\"target\":\"https:\/\/padaste.ee\/?s={search_term_string}\",\"query-input\":\"required name=search_term_string\"}],\"inLanguage\":\"et\"},{\"@type\":\"ImageObject\",\"@id\":\"https:\/\/www.padaste.ee\/et\/spa\/soolakristalli-saun\/#primaryimage\",\"inLanguage\":\"et\",\"url\":\"https:\/\/www.xn--pdaste-bua.eu\/wp-content\/uploads\/2023\/12\/img_9622-scaled.jpeg\",\"contentUrl\":\"https:\/\/www.xn--pdaste-bua.eu\/wp-content\/uploads\/2023\/12\/img_9622-scaled.jpeg\",\"width\":2560,\"height\":1920},{\"@type\":\"WebPage\",\"@id\":\"https:\/\/www.padaste.ee\/et\/spa\/soolakristalli-saun\/#webpage\",\"url\":\"https:\/\/www.padaste.ee\/et\/spa\/soolakristalli-saun\/\",\"name\":\"Soola-kristallsaun -\",\"isPartOf\":{\"@id\":\"https:\/\/padaste.ee\/#website\"},\"primaryImageOfPage\":{\"@id\":\"https:\/\/www.padaste.ee\/et\/spa\/soolakristalli-saun\/#primaryimage\"},\"datePublished\":\"2018-01-03T10:19:43+00:00\",\"dateModified\":\"2024-08-06T20:44:27+00:00\",\"breadcrumb\":{\"@id\":\"https:\/\/www.padaste.ee\/et\/spa\/soolakristalli-saun\/#breadcrumb\"},\"inLanguage\":\"et\",\"potentialAction\":[{\"@type\":\"ReadAction\",\"target\":[\"https:\/\/www.padaste.ee\/et\/spa\/soolakristalli-saun\/\"]}]},{\"@type\":\"BreadcrumbList\",\"@id\":\"https:\/\/www.padaste.ee\/et\/spa\/soolakristalli-saun\/#breadcrumb\",\"itemListElement\":[{\"@type\":\"ListItem\",\"position\":1,\"item\":{\"@type\":\"WebPage\",\"@id\":\"https:\/\/xn--pdaste-bua.eu\/et\/\",\"url\":\"https:\/\/xn--pdaste-bua.eu\/et\/\",\"name\":\"Home\"}},{\"@type\":\"ListItem\",\"position\":2,\"item\":{\"@type\":\"WebPage\",\"@id\":\"https:\/\/xn--pdaste-bua.eu\/et\/spa\/\",\"url\":\"https:\/\/xn--pdaste-bua.eu\/et\/spa\/\",\"name\":\"Spa &#8211; Kuue meele p\\u00fchamu\"}},{\"@type\":\"ListItem\",\"position\":3,\"item\":{\"@type\":\"WebPage\",\"@id\":\"https:\/\/www.padaste.ee\/et\/spa\/soolakristalli-saun\/\",\"url\":\"https:\/\/www.padaste.ee\/et\/spa\/soolakristalli-saun\/\",\"name\":\"Soola-kristallsaun\"}}]}]}<\/script>\n<!-- \/ Yoast SEO plugin. -->","_links":{"self":[{"href":"https:\/\/www.xn--pdaste-bua.eu\/et\/wp-json\/wp\/v2\/pages\/20950"}],"collection":[{"href":"https:\/\/www.xn--pdaste-bua.eu\/et\/wp-json\/wp\/v2\/pages"}],"about":[{"href":"https:\/\/www.xn--pdaste-bua.eu\/et\/wp-json\/wp\/v2\/types\/page"}],"author":[{"embeddable":true,"href":"https:\/\/www.xn--pdaste-bua.eu\/et\/wp-json\/wp\/v2\/users\/50"}],"replies":[{"embeddable":true,"href":"https:\/\/www.xn--pdaste-bua.eu\/et\/wp-json\/wp\/v2\/comments?post=20950"}],"version-history":[{"count":17,"href":"https:\/\/www.xn--pdaste-bua.eu\/et\/wp-json\/wp\/v2\/pages\/20950\/revisions"}],"predecessor-version":[{"id":22175,"href":"https:\/\/www.xn--pdaste-bua.eu\/et\/wp-json\/wp\/v2\/pages\/20950\/revisions\/22175"}],"up":[{"embeddable":true,"href":"https:\/\/www.xn--pdaste-bua.eu\/et\/wp-json\/wp\/v2\/pages\/8578"}],"wp:featuredmedia":[{"embeddable":true,"href":"https:\/\/www.xn--pdaste-bua.eu\/et\/wp-json\/wp\/v2\/media\/20947"}],"wp:attachment":[{"href":"https:\/\/www.xn--pdaste-bua.eu\/et\/wp-json\/wp\/v2\/media?parent=20950"}],"curies":[{"name":"wp","href":"https:\/\/api.w.org\/{rel}","templated":true}]}}