{"id":8629,"date":"2015-07-28T18:34:04","date_gmt":"2015-07-28T15:34:04","guid":{"rendered":"http:\/\/padastenew.local\/park-and-grounds-2\/"},"modified":"2025-07-21T08:12:49","modified_gmt":"2025-07-21T08:12:49","slug":"moisapark","status":"publish","type":"page","link":"https:\/\/www.xn--pdaste-bua.eu\/et\/mois\/moisapark\/","title":{"rendered":"M\u00f5isapark"},"content":{"rendered":"<p><a href=\"http:\/\/padaste.ee\/wp-content\/uploads\/2012\/06\/4989845302_40c938a1fe_z.jpg\"><img loading=\"lazy\" class=\"alignright wp-image-5634 size-medium\" title=\"P\u00e4daste M\u00f5is Muhusaarel\" src=\"http:\/\/www.padaste.ee\/wp-content\/uploads\/2012\/06\/4989845302_40c938a1fe_z-300x217.jpg\" alt=\"4989845302_40c938a1fe_z\" width=\"300\" height=\"217\" srcset=\"https:\/\/www.xn--pdaste-bua.eu\/wp-content\/uploads\/2012\/06\/4989845302_40c938a1fe_z-300x217.jpg 300w, https:\/\/www.xn--pdaste-bua.eu\/wp-content\/uploads\/2012\/06\/4989845302_40c938a1fe_z-24x17.jpg 24w, https:\/\/www.xn--pdaste-bua.eu\/wp-content\/uploads\/2012\/06\/4989845302_40c938a1fe_z-36x26.jpg 36w, https:\/\/www.xn--pdaste-bua.eu\/wp-content\/uploads\/2012\/06\/4989845302_40c938a1fe_z-48x35.jpg 48w, https:\/\/www.xn--pdaste-bua.eu\/wp-content\/uploads\/2012\/06\/4989845302_40c938a1fe_z.jpg 640w\" sizes=\"(max-width: 300px) 100vw, 300px\" \/><\/a>Viis raudkivist hoonet \u00fchendavad m\u00f5isa hobuserauakujuliselt \u00fcheks L\u00e4\u00e4nemerevaatega kompleksiks. M\u00f5isahoonete ansambel koondab enda alla 7 hektarit kaunilt kujundatud parki, \u00fcmbritsetuna 22 hektari maaililiste niitude ja p\u00f5lismetsaga. M\u00f5isaparki ning seal asuvaid hooneid seob \u00fcheks sajanditevanune raudkivist aed, mis on paiguti kaetud iidse looduskaitse all oleva samblapadjaga.<\/p>\n<p>&nbsp;<\/p>\n<p>P\u00e4daste kaldajoonelt avaneb imeline loodusvaade lahele, kust t\u00e4helepanelik huviline leiab loendamatult erinevaid rohuliblesid, s\u00f5najalgasid ja aasalilli, marju ja p\u00f5\u00f5sapuhmaid; m\u00e4nnid, kased ja Muhumaa \u201erahvuspuud\u201d kadakad maailivad lahekalda k\u00fcllusliku maastikupildi.<\/p>\n<p>&nbsp;<\/p>\n<p>P\u00e4daste park ja rannajoon moodustavad \u00fcheskoos looduskaitseala, mis on h\u00e4sti tuntud mitmekeskesiste eluvormid ja liigirohkuse poolest. N\u00e4iteks leidub seal 23 erinevat liiki haruldasi orhideesid, mis seal \u00f5itsevad ning annavad alale suure \u00f6koloogilise v\u00e4\u00e4rtuse. Ka linnuvaatlus on P\u00e4daste lahel v\u00e4\u00e4rtus omaette, sest just selles lahesopis kogunevad parved enne r\u00e4nnet ja naasevad maikuises kevades kodusaarele. Haned, kured, pardid ja luiged on neil aegadel P\u00e4daste lahe igap\u00e4evased k\u00fclalised. Kolme haruldase majesteetlikku merikotka pesa vahetus l\u00e4heduses astub juunikuu \u00f5htutel k\u00fcla esilauliku rolli sulnis \u00f6\u00f6bik, pargis pesitseb lugematul arvul \u00f6\u00f6kulle, r\u00e4hne, pesapaikasid otsivad p\u00e4\u00e4sukesed, kohtab uudistavaid oravaid ja nahkhiiri. Kitsed, metskuldid ja p\u00f5drad on asustanud \u00fcmberkaudsed metsad ning satuvad k\u00fclmade talvede aegu ka m\u00f5isapargis ringi uudistama.<\/p>\n<p>&nbsp;<\/p>\n<p><a href=\"http:\/\/www.padaste.ee\/wp-content\/uploads\/2018\/02\/padaste-park2.jpg\"><img loading=\"lazy\" class=\"alignright wp-image-11660 size-medium\" src=\"http:\/\/www.padaste.ee\/wp-content\/uploads\/2018\/02\/padaste-park2-300x169.jpg\" alt=\"\" width=\"300\" height=\"169\" srcset=\"https:\/\/www.xn--pdaste-bua.eu\/wp-content\/uploads\/2018\/02\/padaste-park2-300x169.jpg 300w, https:\/\/www.xn--pdaste-bua.eu\/wp-content\/uploads\/2018\/02\/padaste-park2-768x432.jpg 768w, https:\/\/www.xn--pdaste-bua.eu\/wp-content\/uploads\/2018\/02\/padaste-park2-1024x576.jpg 1024w, https:\/\/www.xn--pdaste-bua.eu\/wp-content\/uploads\/2018\/02\/padaste-park2-24x14.jpg 24w, https:\/\/www.xn--pdaste-bua.eu\/wp-content\/uploads\/2018\/02\/padaste-park2-36x20.jpg 36w, https:\/\/www.xn--pdaste-bua.eu\/wp-content\/uploads\/2018\/02\/padaste-park2-48x27.jpg 48w\" sizes=\"(max-width: 300px) 100vw, 300px\" \/><\/a><\/p>\n<p>Suvehooajal <em>(1. juuni \u2013 31. august)<\/em> on P\u00e4daste park k\u00fclalistele avatud iga p\u00e4ev kell 12:00 kuni 19:00.\u00a0<\/p>\n<p>&nbsp;<\/p>\n<p>Pargipileti hind \u20ac5 t\u00e4iskasvanule ja \u20ac3 alla 16-aastasele lapsele. Grupik\u00fclastustele <em>(alates 8 k\u00fclalisest)<\/em> kehtivad teised hinnad ning need toimuvad vaid eelneva broneeringu alusel. Palun v\u00f5tke meiega \u00fchendust aadressil <a href=\"mailto:info@padaste.ee\">info@padaste.ee<\/a>.<\/p>\n","protected":false},"excerpt":{"rendered":"<p>Viis raudkivist hoonet \u00fchendavad m\u00f5isa hobuserauakujuliselt \u00fcheks L\u00e4\u00e4nemerevaatega kompleksiks. M\u00f5isahoonete ansambel koondab enda alla 7 hektarit kaunilt kujundatud parki, \u00fcmbritsetuna 22 hektari maaililiste niitude ja p\u00f5lismetsaga. M\u00f5isaparki ning seal asuvaid hooneid seob \u00fcheks sajanditevanune raudkivist aed, mis on paiguti kaetud iidse looduskaitse all oleva samblapadjaga. &nbsp; P\u00e4daste kaldajoonelt avaneb imeline loodusvaade lahele, kust t\u00e4helepanelik huviline [&hellip;]<\/p>\n","protected":false},"author":50,"featured_media":8572,"parent":8574,"menu_order":3,"comment_status":"closed","ping_status":"closed","template":"","meta":{"ngg_post_thumbnail":0,"_links_to":"","_links_to_target":""},"yoast_head":"<!-- This site is optimized with the Yoast SEO plugin v16.1.1 - https:\/\/yoast.com\/wordpress\/plugins\/seo\/ -->\n<title>M\u00f5isapark -<\/title>\n<link rel=\"canonical\" href=\"https:\/\/xn--pdaste-bua.eu\/et\/mois\/moisapark\/\" \/>\n<meta property=\"og:locale\" content=\"et_EE\" \/>\n<meta property=\"og:type\" content=\"article\" \/>\n<meta property=\"og:title\" content=\"M\u00f5isapark -\" \/>\n<meta property=\"og:description\" content=\"Viis raudkivist hoonet \u00fchendavad m\u00f5isa hobuserauakujuliselt \u00fcheks L\u00e4\u00e4nemerevaatega kompleksiks. M\u00f5isahoonete ansambel koondab enda alla 7 hektarit kaunilt kujundatud parki, \u00fcmbritsetuna 22 hektari maaililiste niitude ja p\u00f5lismetsaga. M\u00f5isaparki ning seal asuvaid hooneid seob \u00fcheks sajanditevanune raudkivist aed, mis on paiguti kaetud iidse looduskaitse all oleva samblapadjaga. &nbsp; P\u00e4daste kaldajoonelt avaneb imeline loodusvaade lahele, kust t\u00e4helepanelik huviline [&hellip;]\" \/>\n<meta property=\"og:url\" content=\"https:\/\/xn--pdaste-bua.eu\/et\/mois\/moisapark\/\" \/>\n<meta property=\"article:publisher\" content=\"https:\/\/www.facebook.com\/Padastemanor\/\" \/>\n<meta property=\"article:modified_time\" content=\"2025-07-21T08:12:49+00:00\" \/>\n<meta property=\"og:image\" content=\"https:\/\/www.xn--pdaste-bua.eu\/wp-content\/uploads\/2015\/07\/97517852-1024x661.jpg\" \/>\n\t<meta property=\"og:image:width\" content=\"1024\" \/>\n\t<meta property=\"og:image:height\" content=\"661\" \/>\n<meta name=\"twitter:card\" content=\"summary_large_image\" \/>\n<meta name=\"twitter:label1\" content=\"Est. reading time\">\n\t<meta name=\"twitter:data1\" content=\"2 minutit\">\n<script type=\"application\/ld+json\" class=\"yoast-schema-graph\">{\"@context\":\"https:\/\/schema.org\",\"@graph\":[{\"@type\":\"Organization\",\"@id\":\"https:\/\/padaste.ee\/#organization\",\"name\":\"P\\u00e4daste M\\u00f5is\",\"url\":\"https:\/\/padaste.ee\/\",\"sameAs\":[\"https:\/\/www.facebook.com\/Padastemanor\/\"],\"logo\":{\"@type\":\"ImageObject\",\"@id\":\"https:\/\/padaste.ee\/#logo\",\"inLanguage\":\"et\",\"url\":\"https:\/\/padaste.ee\/wp-content\/uploads\/2018\/12\/padaste_2011.jpg\",\"contentUrl\":\"https:\/\/padaste.ee\/wp-content\/uploads\/2018\/12\/padaste_2011.jpg\",\"width\":154,\"height\":61,\"caption\":\"P\\u00e4daste M\\u00f5is\"},\"image\":{\"@id\":\"https:\/\/padaste.ee\/#logo\"}},{\"@type\":\"WebSite\",\"@id\":\"https:\/\/padaste.ee\/#website\",\"url\":\"https:\/\/padaste.ee\/\",\"name\":\"\",\"description\":\"\",\"publisher\":{\"@id\":\"https:\/\/padaste.ee\/#organization\"},\"potentialAction\":[{\"@type\":\"SearchAction\",\"target\":\"https:\/\/padaste.ee\/?s={search_term_string}\",\"query-input\":\"required name=search_term_string\"}],\"inLanguage\":\"et\"},{\"@type\":\"ImageObject\",\"@id\":\"https:\/\/xn--pdaste-bua.eu\/et\/mois\/moisapark\/#primaryimage\",\"inLanguage\":\"et\",\"url\":\"https:\/\/www.xn--pdaste-bua.eu\/wp-content\/uploads\/2015\/07\/97517852.jpg\",\"contentUrl\":\"https:\/\/www.xn--pdaste-bua.eu\/wp-content\/uploads\/2015\/07\/97517852.jpg\",\"width\":3000,\"height\":1937},{\"@type\":\"WebPage\",\"@id\":\"https:\/\/xn--pdaste-bua.eu\/et\/mois\/moisapark\/#webpage\",\"url\":\"https:\/\/xn--pdaste-bua.eu\/et\/mois\/moisapark\/\",\"name\":\"M\\u00f5isapark -\",\"isPartOf\":{\"@id\":\"https:\/\/padaste.ee\/#website\"},\"primaryImageOfPage\":{\"@id\":\"https:\/\/xn--pdaste-bua.eu\/et\/mois\/moisapark\/#primaryimage\"},\"datePublished\":\"2015-07-28T15:34:04+00:00\",\"dateModified\":\"2025-07-21T08:12:49+00:00\",\"breadcrumb\":{\"@id\":\"https:\/\/xn--pdaste-bua.eu\/et\/mois\/moisapark\/#breadcrumb\"},\"inLanguage\":\"et\",\"potentialAction\":[{\"@type\":\"ReadAction\",\"target\":[\"https:\/\/xn--pdaste-bua.eu\/et\/mois\/moisapark\/\"]}]},{\"@type\":\"BreadcrumbList\",\"@id\":\"https:\/\/xn--pdaste-bua.eu\/et\/mois\/moisapark\/#breadcrumb\",\"itemListElement\":[{\"@type\":\"ListItem\",\"position\":1,\"item\":{\"@type\":\"WebPage\",\"@id\":\"https:\/\/xn--pdaste-bua.eu\/et\/\",\"url\":\"https:\/\/xn--pdaste-bua.eu\/et\/\",\"name\":\"Home\"}},{\"@type\":\"ListItem\",\"position\":2,\"item\":{\"@type\":\"WebPage\",\"@id\":\"https:\/\/xn--pdaste-bua.eu\/et\/mois\/\",\"url\":\"https:\/\/xn--pdaste-bua.eu\/et\/mois\/\",\"name\":\"M\\u00f5is\"}},{\"@type\":\"ListItem\",\"position\":3,\"item\":{\"@type\":\"WebPage\",\"@id\":\"https:\/\/xn--pdaste-bua.eu\/et\/mois\/moisapark\/\",\"url\":\"https:\/\/xn--pdaste-bua.eu\/et\/mois\/moisapark\/\",\"name\":\"M\\u00f5isapark\"}}]}]}<\/script>\n<!-- \/ Yoast SEO plugin. -->","_links":{"self":[{"href":"https:\/\/www.xn--pdaste-bua.eu\/et\/wp-json\/wp\/v2\/pages\/8629"}],"collection":[{"href":"https:\/\/www.xn--pdaste-bua.eu\/et\/wp-json\/wp\/v2\/pages"}],"about":[{"href":"https:\/\/www.xn--pdaste-bua.eu\/et\/wp-json\/wp\/v2\/types\/page"}],"author":[{"embeddable":true,"href":"https:\/\/www.xn--pdaste-bua.eu\/et\/wp-json\/wp\/v2\/users\/50"}],"replies":[{"embeddable":true,"href":"https:\/\/www.xn--pdaste-bua.eu\/et\/wp-json\/wp\/v2\/comments?post=8629"}],"version-history":[{"count":9,"href":"https:\/\/www.xn--pdaste-bua.eu\/et\/wp-json\/wp\/v2\/pages\/8629\/revisions"}],"predecessor-version":[{"id":24674,"href":"https:\/\/www.xn--pdaste-bua.eu\/et\/wp-json\/wp\/v2\/pages\/8629\/revisions\/24674"}],"up":[{"embeddable":true,"href":"https:\/\/www.xn--pdaste-bua.eu\/et\/wp-json\/wp\/v2\/pages\/8574"}],"wp:featuredmedia":[{"embeddable":true,"href":"https:\/\/www.xn--pdaste-bua.eu\/et\/wp-json\/wp\/v2\/media\/8572"}],"wp:attachment":[{"href":"https:\/\/www.xn--pdaste-bua.eu\/et\/wp-json\/wp\/v2\/media?parent=8629"}],"curies":[{"name":"wp","href":"https:\/\/api.w.org\/{rel}","templated":true}]}}