{"id":8894,"date":"2015-07-29T16:07:19","date_gmt":"2015-07-29T13:07:19","guid":{"rendered":"http:\/\/padastenew.local\/?page_id=8894"},"modified":"2018-02-14T11:21:14","modified_gmt":"2018-02-14T09:21:14","slug":"kusi-personaalset-pakkumist","status":"publish","type":"page","link":"https:\/\/www.xn--pdaste-bua.eu\/et\/tahtpaevad\/kusi-personaalset-pakkumist\/","title":{"rendered":"K\u00fcsi personaalset pakkumist"},"content":{"rendered":"<p>Palume t\u00e4ita allj\u00e4rgnev vorm, et saaksime koostada Teie jaoks personaalse pakkumise!<\/p>\n<div role=\"form\" class=\"wpcf7\" id=\"wpcf7-f11651-o1\" lang=\"en-US\" dir=\"ltr\">\n<div class=\"screen-reader-response\"><p role=\"status\" aria-live=\"polite\" aria-atomic=\"true\"><\/p> <ul><\/ul><\/div>\n<form action=\"\/et\/wp-json\/wp\/v2\/pages\/8894#wpcf7-f11651-o1\" method=\"post\" class=\"wpcf7-form init\" novalidate=\"novalidate\" data-status=\"init\">\n<div style=\"display: none;\">\n<input type=\"hidden\" name=\"_wpcf7\" value=\"11651\" \/>\n<input type=\"hidden\" name=\"_wpcf7_version\" value=\"5.4\" \/>\n<input type=\"hidden\" name=\"_wpcf7_locale\" value=\"en_US\" \/>\n<input type=\"hidden\" name=\"_wpcf7_unit_tag\" value=\"wpcf7-f11651-o1\" \/>\n<input type=\"hidden\" name=\"_wpcf7_container_post\" value=\"0\" \/>\n<input type=\"hidden\" name=\"_wpcf7_posted_data_hash\" value=\"\" \/>\n<input type=\"hidden\" name=\"_extcf7_conditional_options\" value=\"{&quot;form_id&quot;:11651,&quot;conditions&quot;:[]}\" \/>\n<input type=\"hidden\" name=\"_extcf7_redirect_options\" value=\"{&quot;form_id&quot;:11651,&quot;redirect_options&quot;:&quot;&quot;}\" \/>\n<input type=\"hidden\" name=\"_wpcf7_recaptcha_response\" value=\"\" \/>\n<\/div>\n<h2>Isiklik informatsioon<\/h2>\n<p><label> Tiitel<br \/>\n    <span class=\"wpcf7-form-control-wrap title\"><select name=\"title\" class=\"wpcf7-form-control wpcf7-select wpcf7-validates-as-required\" aria-required=\"true\" aria-invalid=\"false\"><option value=\"Hr\">Hr<\/option><option value=\"Pr\">Pr<\/option><\/select><\/span> <\/label><\/p>\n<p><label> Eesnimi<br \/>\n    <span class=\"wpcf7-form-control-wrap first-name\"><input type=\"text\" name=\"first-name\" value=\"\" size=\"40\" class=\"wpcf7-form-control wpcf7-text wpcf7-validates-as-required\" aria-required=\"true\" aria-invalid=\"false\" \/><\/span> <\/label><\/p>\n<p><label> Perenimi<br \/>\n    <span class=\"wpcf7-form-control-wrap last-name\"><input type=\"text\" name=\"last-name\" value=\"\" size=\"40\" class=\"wpcf7-form-control wpcf7-text wpcf7-validates-as-required\" aria-required=\"true\" aria-invalid=\"false\" \/><\/span> <\/label><\/p>\n<p><label> Ettev\u00f5te<br \/>\n    <span class=\"wpcf7-form-control-wrap company-name\"><input type=\"text\" name=\"company-name\" value=\"\" size=\"40\" class=\"wpcf7-form-control wpcf7-text\" aria-invalid=\"false\" \/><\/span> <\/label><\/p>\n<p><label> Aaddress<br \/>\n    <span class=\"wpcf7-form-control-wrap address\"><input type=\"text\" name=\"address\" value=\"\" size=\"40\" class=\"wpcf7-form-control wpcf7-text\" aria-invalid=\"false\" \/><\/span> <\/label><\/p>\n<p><label> Linn<br \/>\n    <span class=\"wpcf7-form-control-wrap city\"><input type=\"text\" name=\"city\" value=\"\" size=\"40\" class=\"wpcf7-form-control wpcf7-text\" aria-invalid=\"false\" \/><\/span> <\/label><\/p>\n<p><label> Riik<br \/>\n    <span class=\"wpcf7-form-control-wrap country\"><input type=\"text\" name=\"country\" value=\"\" size=\"40\" class=\"wpcf7-form-control wpcf7-text\" aria-invalid=\"false\" \/><\/span> <\/label><\/p>\n<p><label> Postiindeks<br \/>\n    <span class=\"wpcf7-form-control-wrap postal-code\"><input type=\"text\" name=\"postal-code\" value=\"\" size=\"40\" class=\"wpcf7-form-control wpcf7-text\" aria-invalid=\"false\" \/><\/span> <\/label><\/p>\n<p><label> Telefon<br \/>\n    <span class=\"wpcf7-form-control-wrap telephone\"><input type=\"tel\" name=\"telephone\" value=\"\" size=\"40\" class=\"wpcf7-form-control wpcf7-text wpcf7-tel wpcf7-validates-as-required wpcf7-validates-as-tel\" aria-required=\"true\" aria-invalid=\"false\" \/><\/span> <\/label><\/p>\n<p><label> E-mail<br \/>\n    <span class=\"wpcf7-form-control-wrap email\"><input type=\"email\" name=\"email\" value=\"\" size=\"40\" class=\"wpcf7-form-control wpcf7-text wpcf7-email wpcf7-validates-as-required wpcf7-validates-as-email\" aria-required=\"true\" aria-invalid=\"false\" \/><\/span> <\/label><\/p>\n<h2>\u00dcrituse informatsioon<\/h2>\n<p><label> \u00dcrituse t\u00fc\u00fcp<br \/>\n    <span class=\"wpcf7-form-control-wrap event-type\"><select name=\"event-type\" class=\"wpcf7-form-control wpcf7-select wpcf7-validates-as-required\" aria-required=\"true\" aria-invalid=\"false\"><option value=\"Conference\">Conference<\/option><option value=\"Exclusive use of property\">Exclusive use of property<\/option><option value=\"Other\">Other<\/option><\/select><\/span> <\/label><\/p>\n<p><label> K\u00fclaliste arv<br \/>\n    <span class=\"wpcf7-form-control-wrap number-of-guests\"><input type=\"number\" name=\"number-of-guests\" value=\"\" class=\"wpcf7-form-control wpcf7-number wpcf7-validates-as-number\" aria-invalid=\"false\" \/><\/span> <\/label><\/p>\n<h2>\u00dcrituse kestuse informatsioon<\/h2>\n<p><label> \u00dcrituse kestus (p\u00e4evades)<br \/>\n    <span class=\"wpcf7-form-control-wrap duration-of-event\"><input type=\"number\" name=\"duration-of-event\" value=\"\" class=\"wpcf7-form-control wpcf7-number wpcf7-validates-as-number\" aria-invalid=\"false\" \/><\/span> <\/label><\/p>\n<p><label> Alguskuup\u00e4ev<br \/>\n    <span class=\"wpcf7-form-control-wrap event-start\"><input type=\"date\" name=\"event-start\" value=\"\" class=\"wpcf7-form-control wpcf7-date wpcf7-validates-as-date\" aria-invalid=\"false\" \/><\/span> <\/label><\/p>\n<p><label> Planeeritud periood (kui t\u00e4pne kuup\u00e4ev pole m\u00e4\u00e4ratud veel)<br \/>\n    <span class=\"wpcf7-form-control-wrap event-period\"><input type=\"text\" name=\"event-period\" value=\"\" size=\"40\" class=\"wpcf7-form-control wpcf7-text\" aria-invalid=\"false\" \/><\/span> <\/label><\/p>\n<p><label> Lisainfo<br \/>\n    <span class=\"wpcf7-form-control-wrap additional-info\"><input type=\"text\" name=\"additional-info\" value=\"\" size=\"40\" class=\"wpcf7-form-control wpcf7-text\" aria-invalid=\"false\" \/><\/span> <\/label><\/p>\n<p><input type=\"submit\" value=\"Saada\" class=\"wpcf7-form-control wpcf7-submit\" \/><\/p>\n<div class=\"wpcf7-response-output\" aria-hidden=\"true\"><\/div><\/form><\/div>\n<p>Kui lehek\u00fclg ei avane korralikult, palun teavtage meid e-postile: <a href=\"mailto:info@padaste.ee\">info@padaste.ee<\/a><\/p>\n","protected":false},"excerpt":{"rendered":"<p>Palume t\u00e4ita allj\u00e4rgnev vorm, et saaksime koostada Teie jaoks personaalse pakkumise! Kui lehek\u00fclg ei avane korralikult, palun teavtage meid e-postile: info@padaste.ee<\/p>\n","protected":false},"author":50,"featured_media":0,"parent":8780,"menu_order":0,"comment_status":"closed","ping_status":"closed","template":"","meta":{"ngg_post_thumbnail":0,"_links_to":"","_links_to_target":""},"yoast_head":"<!-- This site is optimized with the Yoast SEO plugin v16.1.1 - https:\/\/yoast.com\/wordpress\/plugins\/seo\/ -->\n<title>K\u00fcsi personaalset pakkumist -<\/title>\n<link rel=\"canonical\" href=\"https:\/\/padaste.ee\/et\/tahtpaevad\/kusi-personaalset-pakkumist\/\" \/>\n<meta property=\"og:locale\" content=\"et_EE\" \/>\n<meta property=\"og:type\" content=\"article\" \/>\n<meta property=\"og:title\" content=\"K\u00fcsi personaalset pakkumist -\" \/>\n<meta property=\"og:description\" content=\"Palume t\u00e4ita allj\u00e4rgnev vorm, et saaksime koostada Teie jaoks personaalse pakkumise! Kui lehek\u00fclg ei avane korralikult, palun teavtage meid e-postile: info@padaste.ee\" \/>\n<meta property=\"og:url\" content=\"https:\/\/padaste.ee\/et\/tahtpaevad\/kusi-personaalset-pakkumist\/\" \/>\n<meta property=\"article:publisher\" content=\"https:\/\/www.facebook.com\/Padastemanor\/\" \/>\n<meta property=\"article:modified_time\" content=\"2018-02-14T09:21:14+00:00\" \/>\n<meta name=\"twitter:card\" content=\"summary_large_image\" \/>\n<script type=\"application\/ld+json\" class=\"yoast-schema-graph\">{\"@context\":\"https:\/\/schema.org\",\"@graph\":[{\"@type\":\"Organization\",\"@id\":\"https:\/\/padaste.ee\/#organization\",\"name\":\"P\\u00e4daste M\\u00f5is\",\"url\":\"https:\/\/padaste.ee\/\",\"sameAs\":[\"https:\/\/www.facebook.com\/Padastemanor\/\"],\"logo\":{\"@type\":\"ImageObject\",\"@id\":\"https:\/\/padaste.ee\/#logo\",\"inLanguage\":\"et\",\"url\":\"https:\/\/padaste.ee\/wp-content\/uploads\/2018\/12\/padaste_2011.jpg\",\"contentUrl\":\"https:\/\/padaste.ee\/wp-content\/uploads\/2018\/12\/padaste_2011.jpg\",\"width\":154,\"height\":61,\"caption\":\"P\\u00e4daste M\\u00f5is\"},\"image\":{\"@id\":\"https:\/\/padaste.ee\/#logo\"}},{\"@type\":\"WebSite\",\"@id\":\"https:\/\/padaste.ee\/#website\",\"url\":\"https:\/\/padaste.ee\/\",\"name\":\"\",\"description\":\"\",\"publisher\":{\"@id\":\"https:\/\/padaste.ee\/#organization\"},\"potentialAction\":[{\"@type\":\"SearchAction\",\"target\":\"https:\/\/padaste.ee\/?s={search_term_string}\",\"query-input\":\"required name=search_term_string\"}],\"inLanguage\":\"et\"},{\"@type\":\"WebPage\",\"@id\":\"https:\/\/padaste.ee\/et\/tahtpaevad\/kusi-personaalset-pakkumist\/#webpage\",\"url\":\"https:\/\/padaste.ee\/et\/tahtpaevad\/kusi-personaalset-pakkumist\/\",\"name\":\"K\\u00fcsi personaalset pakkumist -\",\"isPartOf\":{\"@id\":\"https:\/\/padaste.ee\/#website\"},\"datePublished\":\"2015-07-29T13:07:19+00:00\",\"dateModified\":\"2018-02-14T09:21:14+00:00\",\"breadcrumb\":{\"@id\":\"https:\/\/padaste.ee\/et\/tahtpaevad\/kusi-personaalset-pakkumist\/#breadcrumb\"},\"inLanguage\":\"et\",\"potentialAction\":[{\"@type\":\"ReadAction\",\"target\":[\"https:\/\/padaste.ee\/et\/tahtpaevad\/kusi-personaalset-pakkumist\/\"]}]},{\"@type\":\"BreadcrumbList\",\"@id\":\"https:\/\/padaste.ee\/et\/tahtpaevad\/kusi-personaalset-pakkumist\/#breadcrumb\",\"itemListElement\":[{\"@type\":\"ListItem\",\"position\":1,\"item\":{\"@type\":\"WebPage\",\"@id\":\"https:\/\/xn--pdaste-bua.eu\/et\/\",\"url\":\"https:\/\/xn--pdaste-bua.eu\/et\/\",\"name\":\"Home\"}},{\"@type\":\"ListItem\",\"position\":2,\"item\":{\"@type\":\"WebPage\",\"@id\":\"https:\/\/www.xn--pdaste-bua.ee\/et\/tahtpaevad\/\",\"url\":\"https:\/\/www.xn--pdaste-bua.ee\/et\/tahtpaevad\/\",\"name\":\"T\\u00e4htp\\u00e4evad\"}},{\"@type\":\"ListItem\",\"position\":3,\"item\":{\"@type\":\"WebPage\",\"@id\":\"https:\/\/padaste.ee\/et\/tahtpaevad\/kusi-personaalset-pakkumist\/\",\"url\":\"https:\/\/padaste.ee\/et\/tahtpaevad\/kusi-personaalset-pakkumist\/\",\"name\":\"K\\u00fcsi personaalset pakkumist\"}}]}]}<\/script>\n<!-- \/ Yoast SEO plugin. -->","_links":{"self":[{"href":"https:\/\/www.xn--pdaste-bua.eu\/et\/wp-json\/wp\/v2\/pages\/8894"}],"collection":[{"href":"https:\/\/www.xn--pdaste-bua.eu\/et\/wp-json\/wp\/v2\/pages"}],"about":[{"href":"https:\/\/www.xn--pdaste-bua.eu\/et\/wp-json\/wp\/v2\/types\/page"}],"author":[{"embeddable":true,"href":"https:\/\/www.xn--pdaste-bua.eu\/et\/wp-json\/wp\/v2\/users\/50"}],"replies":[{"embeddable":true,"href":"https:\/\/www.xn--pdaste-bua.eu\/et\/wp-json\/wp\/v2\/comments?post=8894"}],"version-history":[{"count":1,"href":"https:\/\/www.xn--pdaste-bua.eu\/et\/wp-json\/wp\/v2\/pages\/8894\/revisions"}],"predecessor-version":[{"id":11652,"href":"https:\/\/www.xn--pdaste-bua.eu\/et\/wp-json\/wp\/v2\/pages\/8894\/revisions\/11652"}],"up":[{"embeddable":true,"href":"https:\/\/www.xn--pdaste-bua.eu\/et\/wp-json\/wp\/v2\/pages\/8780"}],"wp:attachment":[{"href":"https:\/\/www.xn--pdaste-bua.eu\/et\/wp-json\/wp\/v2\/media?parent=8894"}],"curies":[{"name":"wp","href":"https:\/\/api.w.org\/{rel}","templated":true}]}}