{"id":9156,"date":"2015-08-02T16:25:07","date_gmt":"2015-08-02T13:25:07","guid":{"rendered":"http:\/\/padastenew.local\/?page_id=9156"},"modified":"2021-01-16T07:58:32","modified_gmt":"2021-01-16T07:58:32","slug":"karjaar","status":"publish","type":"page","link":"https:\/\/www.xn--pdaste-bua.eu\/et\/jalus\/karjaar\/","title":{"rendered":"Karj\u00e4\u00e4r"},"content":{"rendered":"<h1><span style=\"font-size: 20px; color: #ff0000;\">T\u00f6\u00f6tamine P\u00e4daste M\u00f5isas<\/span><\/h1>\n<p>&nbsp;<\/p>\n<p>Alates 1996.aastast pakub P\u00e4daste ainulaadset hotellielamust ja seda ka k\u00f5ige n\u00f5udlikumale k\u00fclalisele. Meie klientideks on laia silmaringi ja kogemustega reisijad, kes saabuvad P\u00e4dastesse v\u00e4ga erinevatest riikidest nautimaks esmaklassilist teenindust, suurep\u00e4raseid maitseelamusi, ainulaadset spa-milj\u00f6\u00f6d ja kaunist loodust k\u00f5ige selle \u00fcmber. Meie meeskond on selle edu v\u00f5ti.<\/p>\n<p>&nbsp;<\/p>\n<p>Ootame ning tervitame alati intelligentseid ja avatud, s\u00fcdamliku meele ning parima teenindusega inimesi kandideerima m\u00f5isa vabadele t\u00f6\u00f6kohtadele.<\/p>\n<p>&nbsp;<\/p>\n<p><span style=\"color: #ff0000;\"><strong><span class=\"Apple-style-span\" style=\"font-weight: normal;\"><strong>Karj\u00e4\u00e4riv\u00f5imalused <\/strong><\/span><\/strong><\/span><\/p>\n<p>&nbsp;<\/p>\n<p>Pakume suurep\u00e4rast karj\u00e4\u00e4riv\u00f5imalust huvilistele, kes sooviksid olla osaks piirkonna \u00fche parima hotelli meeskonnast. Formaalsest haridusk\u00e4igust veelgi olulisemaks loeme meie v\u00e4\u00e4rtustega sobivaid isikuomadusi nagu siirus ja avatus, \u0161arm ja head kombed, soov ja valmisolek \u00f5ppida ning areneda maailmatasemel klienditeeninduse vallas.<\/p>\n<p>Leiame, et investeering t\u00f6\u00f6tajatesse tasub end alati \u00e4ra. Suurem osa meie koolitusest toimub kohapeal, 5-n\u00e4dala pikkust lisapraktika v\u00f5imalust pakume aga P\u00e4daste Rahvusvahelise Praktikaprogrammi raames, v\u00f5imalusega t\u00e4iendada end maailma tippklassi kuuluvate restoranide ja hotellide hooajalise meeskonnaliikmena.<\/p>\n<p>&nbsp;<\/p>\n<p>P\u00e4daste pakub muuhulgas ka kohapealses staffi-majas mugavaid elamistingimusi.<\/p>\n<p>&nbsp;<\/p>\n<p>Uute t\u00f6\u00f6tajate leidmisel arvestame alati mitmeid erinevad asjaolusid, kuid tavap\u00e4raselt otsime pikemaajalise lepinguplaaniga t\u00f6\u00f6tajaid nii aastaringseks t\u00f6\u00f6ks kui j\u00e4rjestikusteks suvehooaegadeks.<\/p>\n<p>&nbsp;<\/p>\n<p>T\u00f6\u00f6tamine P\u00e4daste M\u00f5isas saab Sinu karj\u00e4\u00e4ri oluliseks perioodiks ning avab edaspidiselt t\u00f6\u00f6tamiseks parimates hotellides ja restoranides t\u00f6\u00f6tamiseks.<\/p>\n<p>&nbsp;<\/p>\n<p><strong><span style=\"color: #ff0000;\">P\u00e4daste M\u00f5is on v\u00f5rdsete v\u00f5imalustega t\u00f6\u00f6andja<br \/>\n<\/span><\/strong><\/p>\n<p>&nbsp;<\/p>\n<p>Toetame soolist v\u00f5rd\u00f5iguslikkust ja j\u00e4rgime mittediskrimineerivat poliitikat soo, rahvuse, seksuaalse orientatsiooni, rassi ja usu osas. P\u00e4daste hindab k\u00f5rgelt mitmekesisust, mis iseloomustab nii meie kliente, personali kui ka \u00fcmbritsevat loodust.<\/p>\n<p>&nbsp;<\/p>\n<p>&nbsp;<\/p>\n<p><span style=\"color: #ff0000;\"><strong>Sooviavaldused<\/strong><\/span><\/p>\n<p>&nbsp;<\/p>\n<p>Kui tunned huvi hetkel pakkumisel olevate ametikohtade vastu, ootame Sinu kirja ja elulookirjeldust aadressile: <a href=\"mailto:hr@padaste.ee\">hr@padaste.ee<\/a>.<\/p>\n<p>&nbsp;<\/p>\n<p><span style=\"color: #ff0000;\"><strong>Praktika v\u00e4listudengitele<\/strong><\/span><\/p>\n<p>&nbsp;<\/p>\n<p>P\u00e4daste M\u00f5is pakub praktika v\u00f5imalust ka hotellimajanduse eriala \u00fcli\u00f5pilastele v\u00e4ljaspoolt Eestit . See on Sinu jaoks suurep\u00e4rane lisakogemus P\u00f5hjamaade piirkonna \u00fches parimas hotellis.<\/p>\n","protected":false},"excerpt":{"rendered":"<p>T\u00f6\u00f6tamine P\u00e4daste M\u00f5isas &nbsp; Alates 1996.aastast pakub P\u00e4daste ainulaadset hotellielamust ja seda ka k\u00f5ige n\u00f5udlikumale k\u00fclalisele. Meie klientideks on laia silmaringi ja kogemustega reisijad, kes saabuvad P\u00e4dastesse v\u00e4ga erinevatest riikidest nautimaks esmaklassilist teenindust, suurep\u00e4raseid maitseelamusi, ainulaadset spa-milj\u00f6\u00f6d ja kaunist loodust k\u00f5ige selle \u00fcmber. Meie meeskond on selle edu v\u00f5ti. &nbsp; Ootame ning tervitame alati intelligentseid [&hellip;]<\/p>\n","protected":false},"author":50,"featured_media":0,"parent":9118,"menu_order":0,"comment_status":"closed","ping_status":"closed","template":"","meta":{"ngg_post_thumbnail":0,"_links_to":"","_links_to_target":""},"yoast_head":"<!-- This site is optimized with the Yoast SEO plugin v16.1.1 - https:\/\/yoast.com\/wordpress\/plugins\/seo\/ -->\n<title>Karj\u00e4\u00e4r -<\/title>\n<link rel=\"canonical\" href=\"https:\/\/padaste.ee\/et\/jalus\/karjaar\/\" \/>\n<meta property=\"og:locale\" content=\"et_EE\" \/>\n<meta property=\"og:type\" content=\"article\" \/>\n<meta property=\"og:title\" content=\"Karj\u00e4\u00e4r -\" \/>\n<meta property=\"og:description\" content=\"T\u00f6\u00f6tamine P\u00e4daste M\u00f5isas &nbsp; Alates 1996.aastast pakub P\u00e4daste ainulaadset hotellielamust ja seda ka k\u00f5ige n\u00f5udlikumale k\u00fclalisele. Meie klientideks on laia silmaringi ja kogemustega reisijad, kes saabuvad P\u00e4dastesse v\u00e4ga erinevatest riikidest nautimaks esmaklassilist teenindust, suurep\u00e4raseid maitseelamusi, ainulaadset spa-milj\u00f6\u00f6d ja kaunist loodust k\u00f5ige selle \u00fcmber. Meie meeskond on selle edu v\u00f5ti. &nbsp; Ootame ning tervitame alati intelligentseid [&hellip;]\" \/>\n<meta property=\"og:url\" content=\"https:\/\/padaste.ee\/et\/jalus\/karjaar\/\" \/>\n<meta property=\"article:publisher\" content=\"https:\/\/www.facebook.com\/Padastemanor\/\" \/>\n<meta property=\"article:modified_time\" content=\"2021-01-16T07:58:32+00:00\" \/>\n<meta name=\"twitter:card\" content=\"summary_large_image\" \/>\n<meta name=\"twitter:label1\" content=\"Est. reading time\">\n\t<meta name=\"twitter:data1\" content=\"2 minutit\">\n<script type=\"application\/ld+json\" class=\"yoast-schema-graph\">{\"@context\":\"https:\/\/schema.org\",\"@graph\":[{\"@type\":\"Organization\",\"@id\":\"https:\/\/padaste.ee\/#organization\",\"name\":\"P\\u00e4daste M\\u00f5is\",\"url\":\"https:\/\/padaste.ee\/\",\"sameAs\":[\"https:\/\/www.facebook.com\/Padastemanor\/\"],\"logo\":{\"@type\":\"ImageObject\",\"@id\":\"https:\/\/padaste.ee\/#logo\",\"inLanguage\":\"et\",\"url\":\"https:\/\/padaste.ee\/wp-content\/uploads\/2018\/12\/padaste_2011.jpg\",\"contentUrl\":\"https:\/\/padaste.ee\/wp-content\/uploads\/2018\/12\/padaste_2011.jpg\",\"width\":154,\"height\":61,\"caption\":\"P\\u00e4daste M\\u00f5is\"},\"image\":{\"@id\":\"https:\/\/padaste.ee\/#logo\"}},{\"@type\":\"WebSite\",\"@id\":\"https:\/\/padaste.ee\/#website\",\"url\":\"https:\/\/padaste.ee\/\",\"name\":\"\",\"description\":\"\",\"publisher\":{\"@id\":\"https:\/\/padaste.ee\/#organization\"},\"potentialAction\":[{\"@type\":\"SearchAction\",\"target\":\"https:\/\/padaste.ee\/?s={search_term_string}\",\"query-input\":\"required name=search_term_string\"}],\"inLanguage\":\"et\"},{\"@type\":\"WebPage\",\"@id\":\"https:\/\/padaste.ee\/et\/jalus\/karjaar\/#webpage\",\"url\":\"https:\/\/padaste.ee\/et\/jalus\/karjaar\/\",\"name\":\"Karj\\u00e4\\u00e4r -\",\"isPartOf\":{\"@id\":\"https:\/\/padaste.ee\/#website\"},\"datePublished\":\"2015-08-02T13:25:07+00:00\",\"dateModified\":\"2021-01-16T07:58:32+00:00\",\"breadcrumb\":{\"@id\":\"https:\/\/padaste.ee\/et\/jalus\/karjaar\/#breadcrumb\"},\"inLanguage\":\"et\",\"potentialAction\":[{\"@type\":\"ReadAction\",\"target\":[\"https:\/\/padaste.ee\/et\/jalus\/karjaar\/\"]}]},{\"@type\":\"BreadcrumbList\",\"@id\":\"https:\/\/padaste.ee\/et\/jalus\/karjaar\/#breadcrumb\",\"itemListElement\":[{\"@type\":\"ListItem\",\"position\":1,\"item\":{\"@type\":\"WebPage\",\"@id\":\"https:\/\/padaste.ee\/et\/\",\"url\":\"https:\/\/padaste.ee\/et\/\",\"name\":\"Home\"}},{\"@type\":\"ListItem\",\"position\":2,\"item\":{\"@type\":\"WebPage\",\"@id\":\"https:\/\/xn--pdaste-bua.ee\/et\/jalus\/\",\"url\":\"https:\/\/xn--pdaste-bua.ee\/et\/jalus\/\",\"name\":\"Jalus\"}},{\"@type\":\"ListItem\",\"position\":3,\"item\":{\"@type\":\"WebPage\",\"@id\":\"https:\/\/padaste.ee\/et\/jalus\/karjaar\/\",\"url\":\"https:\/\/padaste.ee\/et\/jalus\/karjaar\/\",\"name\":\"Karj\\u00e4\\u00e4r\"}}]}]}<\/script>\n<!-- \/ Yoast SEO plugin. -->","_links":{"self":[{"href":"https:\/\/www.xn--pdaste-bua.eu\/et\/wp-json\/wp\/v2\/pages\/9156"}],"collection":[{"href":"https:\/\/www.xn--pdaste-bua.eu\/et\/wp-json\/wp\/v2\/pages"}],"about":[{"href":"https:\/\/www.xn--pdaste-bua.eu\/et\/wp-json\/wp\/v2\/types\/page"}],"author":[{"embeddable":true,"href":"https:\/\/www.xn--pdaste-bua.eu\/et\/wp-json\/wp\/v2\/users\/50"}],"replies":[{"embeddable":true,"href":"https:\/\/www.xn--pdaste-bua.eu\/et\/wp-json\/wp\/v2\/comments?post=9156"}],"version-history":[{"count":12,"href":"https:\/\/www.xn--pdaste-bua.eu\/et\/wp-json\/wp\/v2\/pages\/9156\/revisions"}],"predecessor-version":[{"id":16581,"href":"https:\/\/www.xn--pdaste-bua.eu\/et\/wp-json\/wp\/v2\/pages\/9156\/revisions\/16581"}],"up":[{"embeddable":true,"href":"https:\/\/www.xn--pdaste-bua.eu\/et\/wp-json\/wp\/v2\/pages\/9118"}],"wp:attachment":[{"href":"https:\/\/www.xn--pdaste-bua.eu\/et\/wp-json\/wp\/v2\/media?parent=9156"}],"curies":[{"name":"wp","href":"https:\/\/api.w.org\/{rel}","templated":true}]}}